{"id":11,"date":"2024-08-27T22:17:35","date_gmt":"2024-08-27T22:17:35","guid":{"rendered":"https:\/\/orbimedix.com\/agenda\/?page_id=11"},"modified":"2025-07-18T18:43:37","modified_gmt":"2025-07-19T00:43:37","slug":"agenda-en-linea-orbimedix","status":"publish","type":"page","link":"https:\/\/orbimedix.com\/agenda\/","title":{"rendered":"Agenda en l\u00ednea"},"content":{"rendered":"<div class=\"wpb-content-wrapper\"><p>[vc_row full_width=&#8221;stretch_row&#8221; full_height=&#8221;yes&#8221; columns_placement=&#8221;stretch&#8221; video_bg=&#8221;yes&#8221; video_bg_url=&#8221;https:\/\/www.youtube.com\/watch?v=TpeP8Chh0mc&#8221; video_bg_parallax=&#8221;content-moving-fade&#8221; css=&#8221;.vc_custom_1749497077598{background-color: #275691 !important;}&#8221; el_class=&#8221;video_overlay&#8221;][vc_column][vc_empty_space height=&#8221;10&#8243;][vc_custom_heading icon_pos=&#8221;right&#8221; icon_pos_right=&#8221;right_text&#8221; text=&#8221;Agenda en L\u00ednea&#8221; font_container=&#8221;tag:h3|text_align:center|color:%23FFFFFF&#8221; use_theme_fonts=&#8221;yes&#8221; css_animation=&#8221;flipInX&#8221; css=&#8221;.vc_custom_1749064215905{margin-bottom: 30px !important;}&#8221; subtitle_color=&#8221;#FFFFFF&#8221;][vc_column_text css_animation=&#8221;flipInX&#8221; css=&#8221;&#8221;]<\/p>\n<p style=\"text-align: center;\"><strong><span style=\"color: #ffffff;\">Por favor llena este formulario para agendar tu consulta de valoraci\u00f3n en cualquiera de nuestras cl\u00ednicas. Elige tu sucursal y paga con<span style=\"color: #25e6e2;\"> 5% de Descuento adicional<\/span> a nuestra promoci\u00f3n vigente.<\/span><\/strong><\/p>\n<p>[\/vc_column_text][vc_column_text css=&#8221;&#8221;]\n<script>\n  if (typeof hasAmeliaEntitiesApiCall === 'undefined' && ('' === '' && '' !== '1')) {\n    var hasAmeliaEntitiesApiCall = true;\n  }\n  var ameliaShortcodeData = (typeof ameliaShortcodeData === 'undefined') ? [] : ameliaShortcodeData;\n  ameliaShortcodeData.push(\n    {\n      'hasApiCall': (typeof hasAmeliaEntitiesApiCall !== 'undefined') && hasAmeliaEntitiesApiCall,\n      'trigger': '',\n      'trigger_type': '',\n      'triggered_form': 'sbsNew',\n      'in_dialog': '',\n      'show': '',\n      'counter': '1000',\n      'category': '',\n      'service': '',\n      'employee': '1',\n      'location': '',\n      'package': '',\n      'layout': '',\n    }\n  );\n\n  var ameliaShortcodeDataTriggered = (typeof ameliaShortcodeDataTriggered === 'undefined') ? [] : ameliaShortcodeDataTriggered;\n  if (ameliaShortcodeData[ameliaShortcodeData.length - 1].trigger !== '') {\n    if (ameliaShortcodeDataTriggered.filter(a => a.counter === ameliaShortcodeData[ameliaShortcodeData.length - 1].counter).length === 0) {\n      ameliaShortcodeDataTriggered.push(ameliaShortcodeData.pop());\n    } else {\n      ameliaShortcodeData.pop()\n    }\n  }\n  if (typeof hasAmeliaEntitiesApiCall !== 'undefined' && hasAmeliaEntitiesApiCall) {\n    hasAmeliaEntitiesApiCall = false;\n  }\n<\/script>\n\n<div\n  id=\"amelia-v2-booking-1000\"\n  class=\"amelia-v2-booking\"\n >\n    <step-form-wrapper><\/step-form-wrapper><\/div>\n[\/vc_column_text][vc_column_text css=&#8221;.vc_custom_1749063791989{background-color: #1E73BE !important;}&#8221;]<\/p>\n<h6 style=\"text-align: center;\"><span style=\"color: #ffffff;\">Es importante leer las <em><strong>recomendaciones<\/strong><\/em> previo a realizar el pago de tu consulta<\/span><\/h6>\n<p>[\/vc_column_text][\/vc_column][\/vc_row][vc_row css=&#8221;.vc_custom_1453099700139{margin-bottom: 48px !important;}&#8221;][vc_column][vc_custom_heading text=&#8221;Recomendaciones Importantes Antes de Agendar tu Consulta de Valoraci\u00f3n&#8221; font_container=&#8221;tag:h4|text_align:left&#8221; use_theme_fonts=&#8221;yes&#8221; css=&#8221;.vc_custom_1749076006195{margin-bottom: 34px !important;}&#8221;][vc_row_inner css=&#8221;.vc_custom_1453096632149{margin-bottom: 28px !important;}&#8221;][vc_column_inner width=&#8221;1\/2&#8243;][stm_icon_box hide_title_line=&#8221;hide_title_line&#8221; icon=&#8221;stm-delhi-eye&#8221; style=&#8221;icon_left_transparent&#8221; icon_size=&#8221;18&#8243; icon_width=&#8221;28&#8243; title=&#8221;1. Dilataci\u00f3n Pupilar&#8221;]<\/p>\n<p data-start=\"446\" data-end=\"627\">Durante la consulta de valoraci\u00f3n se realizar\u00e1 la dilataci\u00f3n de tus pupilas, un procedimiento necesario para examinar a fondo la salud de tus ojos.<br data-start=\"593\" data-end=\"596\" \/><strong data-start=\"596\" data-end=\"627\">Importante tener en cuenta:<\/strong><\/p>\n<ul data-start=\"628\" data-end=\"837\">\n<li data-start=\"628\" data-end=\"705\">\n<p data-start=\"630\" data-end=\"705\">Este procedimiento provoca visi\u00f3n borrosa temporal y sensibilidad a la luz.<\/p>\n<\/li>\n<li data-start=\"706\" data-end=\"741\">\n<p data-start=\"708\" data-end=\"741\">Se recomienda asistir acompa\u00f1ado.<\/p>\n<\/li>\n<li data-start=\"742\" data-end=\"837\">\n<p data-start=\"744\" data-end=\"837\">Si acudes solo, puedes permanecer en nuestra sala de recepci\u00f3n hasta que el efecto disminuya.<\/p>\n<\/li>\n<\/ul>\n<p>[\/stm_icon_box][\/vc_column_inner][vc_column_inner width=&#8221;1\/2&#8243;][stm_icon_box hide_title_line=&#8221;hide_title_line&#8221; icon=&#8221;fa fa-solid fa-arrows-to-eye&#8221; style=&#8221;icon_left_transparent&#8221; icon_size=&#8221;18&#8243; icon_width=&#8221;28&#8243; title=&#8221;2. Uso de Lentes de Contacto&#8221;]<\/p>\n<p data-start=\"882\" data-end=\"1026\">Si utilizas lentes de contacto, ser\u00e1 necesario suspender su uso <strong data-start=\"946\" data-end=\"970\">antes de tu consulta<\/strong>, ya que pueden alterar los resultados de la evaluaci\u00f3n:<\/p>\n<ul data-start=\"1028\" data-end=\"1148\">\n<li data-start=\"1028\" data-end=\"1087\">\n<p data-start=\"1030\" data-end=\"1087\"><strong data-start=\"1030\" data-end=\"1049\">Lentes blandos:<\/strong> Retirarlos al menos <strong data-start=\"1070\" data-end=\"1086\">7 d\u00edas antes<\/strong>.<\/p>\n<\/li>\n<li data-start=\"1088\" data-end=\"1148\">\n<p data-start=\"1090\" data-end=\"1148\"><strong data-start=\"1090\" data-end=\"1109\">Lentes r\u00edgidos:<\/strong> Retirarlos al menos <strong data-start=\"1130\" data-end=\"1147\">15 d\u00edas antes<\/strong>.<\/p>\n<\/li>\n<\/ul>\n<p data-start=\"1150\" data-end=\"1334\">En caso de que no te sea posible dejar de usarlos por ese periodo, por favor <strong data-start=\"1227\" data-end=\"1270\">comun\u00edcate con uno de nuestros asesores<\/strong>, quienes te orientar\u00e1n sobre la mejor alternativa para tu caso.<\/p>\n<p>[\/stm_icon_box][\/vc_column_inner][\/vc_row_inner][vc_column_text css=&#8221;&#8221;]<\/p>\n<p data-start=\"882\" data-end=\"1026\">Estas recomendaciones tienen como objetivo brindarte una valoraci\u00f3n precisa y segura. Si tienes dudas, no dudes en <strong>contactarnos.<\/strong> \u00a1Estamos para ayudarte!<\/p>\n<p>[\/vc_column_text][\/vc_column][\/vc_row][vc_row full_width=&#8221;stretch_row&#8221; video_bg=&#8221;yes&#8221; video_bg_url=&#8221;https:\/\/www.youtube.com\/watch?v=3mRjOgptTR4&#8243; video_bg_parallax=&#8221;content-moving&#8221; css=&#8221;.vc_custom_1749080701681{margin-bottom: -60px !important;padding-top: 82px !important;padding-bottom: 125px !important;}&#8221; el_class=&#8221;video_overlay&#8221;][vc_column][vc_custom_heading text=&#8221;tu nueva visi\u00f3n a un click!&#8221; font_container=&#8221;tag:h1|text_align:center|color:%23ffffff&#8221; use_theme_fonts=&#8221;yes&#8221; css=&#8221;.vc_custom_1749076698111{margin-bottom: 40px !important;}&#8221;][vc_btn title=&#8221;CONTACTO&#8221; style=&#8221;flat&#8221; shape=&#8221;square&#8221; color=&#8221;theme_style_3&#8243; size=&#8221;lg&#8221; align=&#8221;center&#8221; i_align=&#8221;right&#8221; i_icon_fontawesome=&#8221;stm-munich-atomic&#8221; css=&#8221;&#8221; add_icon=&#8221;true&#8221; link=&#8221;url:https%3A%2F%2Forbimedix.com%2Findex.php%2Fsucursales%2F&#8221;][\/vc_column][\/vc_row]<\/p>\n<\/div>","protected":false},"excerpt":{"rendered":"<p>[vc_row full_width=&#8221;stretch_row&#8221; full_height=&#8221;yes&#8221; columns_placement=&#8221;stretch&#8221; video_bg=&#8221;yes&#8221; video_bg_url=&#8221;https:\/\/www.youtube.com\/watch?v=TpeP8Chh0mc&#8221; video_bg_parallax=&#8221;content-moving-fade&#8221; css=&#8221;.vc_custom_1749497077598{background-color: #275691 !important;}&#8221; el_class=&#8221;video_overlay&#8221;][vc_column][vc_empty_space height=&#8221;10&#8243;][vc_custom_heading icon_pos=&#8221;right&#8221; icon_pos_right=&#8221;right_text&#8221; text=&#8221;Agenda en L\u00ednea&#8221; font_container=&#8221;tag:h3|text_align:center|color:%23FFFFFF&#8221; use_theme_fonts=&#8221;yes&#8221; css_animation=&#8221;flipInX&#8221; css=&#8221;.vc_custom_1749064215905{margin-bottom: 30px !important;}&#8221; subtitle_color=&#8221;#FFFFFF&#8221;][vc_column_text css_animation=&#8221;flipInX&#8221; css=&#8221;&#8221;] Por favor llena este formulario para agendar tu consulta de valoraci\u00f3n en cualquiera de nuestras cl\u00ednicas. Elige tu sucursal y paga con 5% de Descuento adicional a nuestra promoci\u00f3n<\/p>\n","protected":false},"author":10,"featured_media":0,"parent":0,"menu_order":0,"comment_status":"closed","ping_status":"closed","template":"","meta":{"footnotes":""},"class_list":["post-11","page","type-page","status-publish","hentry"],"_links":{"self":[{"href":"https:\/\/orbimedix.com\/agenda\/wp-json\/wp\/v2\/pages\/11","targetHints":{"allow":["GET"]}}],"collection":[{"href":"https:\/\/orbimedix.com\/agenda\/wp-json\/wp\/v2\/pages"}],"about":[{"href":"https:\/\/orbimedix.com\/agenda\/wp-json\/wp\/v2\/types\/page"}],"author":[{"embeddable":true,"href":"https:\/\/orbimedix.com\/agenda\/wp-json\/wp\/v2\/users\/10"}],"replies":[{"embeddable":true,"href":"https:\/\/orbimedix.com\/agenda\/wp-json\/wp\/v2\/comments?post=11"}],"version-history":[{"count":95,"href":"https:\/\/orbimedix.com\/agenda\/wp-json\/wp\/v2\/pages\/11\/revisions"}],"predecessor-version":[{"id":551,"href":"https:\/\/orbimedix.com\/agenda\/wp-json\/wp\/v2\/pages\/11\/revisions\/551"}],"wp:attachment":[{"href":"https:\/\/orbimedix.com\/agenda\/wp-json\/wp\/v2\/media?parent=11"}],"curies":[{"name":"wp","href":"https:\/\/api.w.org\/{rel}","templated":true}]}}